{"id":612,"date":"2023-08-01T11:31:00","date_gmt":"2023-08-01T09:31:00","guid":{"rendered":"https:\/\/edicionesmasqueoca.com\/juegos\/?page_id=612"},"modified":"2024-01-26T23:54:14","modified_gmt":"2024-01-26T22:54:14","slug":"the-other-side-of-the-hill","status":"publish","type":"page","link":"https:\/\/edicionesmasqueoca.com\/juegos\/the-other-side-of-the-hill\/","title":{"rendered":"The Other Side of the Hill"},"content":{"rendered":"\t\t<div data-elementor-type=\"wp-page\" data-elementor-id=\"612\" class=\"elementor elementor-612\">\n\t\t\t\t\t\t\t<div class=\"elementor-element elementor-element-0e50e58 e-flex e-con-boxed e-con e-parent\" data-id=\"0e50e58\" data-element_type=\"container\" data-settings=\"{&quot;background_background&quot;:&quot;classic&quot;,&quot;content_width&quot;:&quot;boxed&quot;}\" data-core-v316-plus=\"true\">\n\t\t\t\t\t<div class=\"e-con-inner\">\n\t\t<div class=\"elementor-element elementor-element-b4c2501 e-con-full e-flex e-con e-child\" data-id=\"b4c2501\" data-element_type=\"container\" data-settings=\"{&quot;content_width&quot;:&quot;full&quot;}\">\n\t\t\t\t<div class=\"elementor-element elementor-element-bf4aad8 elementor-widget elementor-widget-spacer\" data-id=\"bf4aad8\" data-element_type=\"widget\" data-widget_type=\"spacer.default\">\n\t\t\t\t<div class=\"elementor-widget-container\">\n\t\t\t<style>\/*! elementor - v3.18.0 - 20-12-2023 *\/\n.elementor-column .elementor-spacer-inner{height:var(--spacer-size)}.e-con{--container-widget-width:100%}.e-con-inner>.elementor-widget-spacer,.e-con>.elementor-widget-spacer{width:var(--container-widget-width,var(--spacer-size));--align-self:var(--container-widget-align-self,initial);--flex-shrink:0}.e-con-inner>.elementor-widget-spacer>.elementor-widget-container,.e-con>.elementor-widget-spacer>.elementor-widget-container{height:100%;width:100%}.e-con-inner>.elementor-widget-spacer>.elementor-widget-container>.elementor-spacer,.e-con>.elementor-widget-spacer>.elementor-widget-container>.elementor-spacer{height:100%}.e-con-inner>.elementor-widget-spacer>.elementor-widget-container>.elementor-spacer>.elementor-spacer-inner,.e-con>.elementor-widget-spacer>.elementor-widget-container>.elementor-spacer>.elementor-spacer-inner{height:var(--container-widget-height,var(--spacer-size))}.e-con-inner>.elementor-widget-spacer.elementor-widget-empty,.e-con>.elementor-widget-spacer.elementor-widget-empty{position:relative;min-height:22px;min-width:22px}.e-con-inner>.elementor-widget-spacer.elementor-widget-empty .elementor-widget-empty-icon,.e-con>.elementor-widget-spacer.elementor-widget-empty .elementor-widget-empty-icon{position:absolute;top:0;bottom:0;left:0;right:0;margin:auto;padding:0;width:22px;height:22px}<\/style>\t\t<div class=\"elementor-spacer\">\n\t\t\t<div class=\"elementor-spacer-inner\"><\/div>\n\t\t<\/div>\n\t\t\t\t<\/div>\n\t\t\t\t<\/div>\n\t\t\t\t<div class=\"elementor-element elementor-element-1bb68db elementor-invisible elementor-widget elementor-widget-image\" data-id=\"1bb68db\" data-element_type=\"widget\" data-settings=\"{&quot;_animation&quot;:&quot;fadeIn&quot;}\" data-widget_type=\"image.default\">\n\t\t\t\t<div class=\"elementor-widget-container\">\n\t\t\t<style>\/*! elementor - v3.18.0 - 20-12-2023 *\/\n.elementor-widget-image{text-align:center}.elementor-widget-image a{display:inline-block}.elementor-widget-image a img[src$=\".svg\"]{width:48px}.elementor-widget-image img{vertical-align:middle;display:inline-block}<\/style>\t\t\t\t\t\t\t\t\t\t\t\t<img fetchpriority=\"high\" decoding=\"async\" width=\"300\" height=\"196\" src=\"https:\/\/edicionesmasqueoca.com\/juegos\/wp-content\/uploads\/2023\/09\/OSH-Title-300x196.png\" class=\"attachment-medium size-medium wp-image-656\" alt=\"\" srcset=\"https:\/\/edicionesmasqueoca.com\/juegos\/wp-content\/uploads\/2023\/09\/OSH-Title-300x196.png 300w, https:\/\/edicionesmasqueoca.com\/juegos\/wp-content\/uploads\/2023\/09\/OSH-Title-1024x670.png 1024w, https:\/\/edicionesmasqueoca.com\/juegos\/wp-content\/uploads\/2023\/09\/OSH-Title-768x503.png 768w, https:\/\/edicionesmasqueoca.com\/juegos\/wp-content\/uploads\/2023\/09\/OSH-Title-1536x1005.png 1536w, https:\/\/edicionesmasqueoca.com\/juegos\/wp-content\/uploads\/2023\/09\/OSH-Title.png 2000w\" sizes=\"(max-width: 300px) 100vw, 300px\" \/>\t\t\t\t\t\t\t\t\t\t\t\t\t\t\t<\/div>\n\t\t\t\t<\/div>\n\t\t<div class=\"elementor-element elementor-element-ecd6c1f e-flex e-con-boxed e-con e-child\" data-id=\"ecd6c1f\" data-element_type=\"container\" data-settings=\"{&quot;background_background&quot;:&quot;classic&quot;,&quot;content_width&quot;:&quot;boxed&quot;}\">\n\t\t\t\t\t<div class=\"e-con-inner\">\n\t\t\t\t<div class=\"elementor-element elementor-element-92d23fe elementor-widget elementor-widget-text-editor\" data-id=\"92d23fe\" data-element_type=\"widget\" data-widget_type=\"text-editor.default\">\n\t\t\t\t<div class=\"elementor-widget-container\">\n\t\t\t<style>\/*! elementor - v3.18.0 - 20-12-2023 *\/\n.elementor-widget-text-editor.elementor-drop-cap-view-stacked .elementor-drop-cap{background-color:#69727d;color:#fff}.elementor-widget-text-editor.elementor-drop-cap-view-framed .elementor-drop-cap{color:#69727d;border:3px solid;background-color:transparent}.elementor-widget-text-editor:not(.elementor-drop-cap-view-default) .elementor-drop-cap{margin-top:8px}.elementor-widget-text-editor:not(.elementor-drop-cap-view-default) .elementor-drop-cap-letter{width:1em;height:1em}.elementor-widget-text-editor .elementor-drop-cap{float:left;text-align:center;line-height:1;font-size:50px}.elementor-widget-text-editor .elementor-drop-cap-letter{display:inline-block}<\/style>\t\t\t\t<p style=\"text-align: center;\"><strong><span style=\"color: #003366;\">The Late Pledge is now live!<\/span><\/strong><br \/><a href=\"https:\/\/gamefound.com\/en\/projects\/masqueoca\/the-other-side-of-the-hill\"><img decoding=\"async\" class=\"size-medium wp-image-785 aligncenter\" src=\"https:\/\/edicionesmasqueoca.com\/juegos\/wp-content\/uploads\/2024\/01\/pic6571872-300x80.webp\" alt=\"\" width=\"300\" height=\"80\" srcset=\"https:\/\/edicionesmasqueoca.com\/juegos\/wp-content\/uploads\/2024\/01\/pic6571872-300x80.webp 300w, https:\/\/edicionesmasqueoca.com\/juegos\/wp-content\/uploads\/2024\/01\/pic6571872-768x205.webp 768w, https:\/\/edicionesmasqueoca.com\/juegos\/wp-content\/uploads\/2024\/01\/pic6571872.webp 832w\" sizes=\"(max-width: 300px) 100vw, 300px\" \/><\/a><\/p>\t\t\t\t\t\t<\/div>\n\t\t\t\t<\/div>\n\t\t\t\t\t<\/div>\n\t\t\t\t<\/div>\n\t\t<div class=\"elementor-element elementor-element-de73a94 e-flex e-con-boxed e-con e-child\" data-id=\"de73a94\" data-element_type=\"container\" data-settings=\"{&quot;background_background&quot;:&quot;classic&quot;,&quot;content_width&quot;:&quot;boxed&quot;}\">\n\t\t\t\t\t<div class=\"e-con-inner\">\n\t\t\t\t<div class=\"elementor-element elementor-element-c038f68 elementor-widget elementor-widget-text-editor\" data-id=\"c038f68\" data-element_type=\"widget\" data-widget_type=\"text-editor.default\">\n\t\t\t\t<div class=\"elementor-widget-container\">\n\t\t\t\t\t\t\t<p><img decoding=\"async\" class=\"wp-image-750 alignleft\" src=\"https:\/\/edicionesmasqueoca.com\/juegos\/wp-content\/uploads\/2023\/12\/Flag_of_Spain_Civil.svg_-300x200.png\" alt=\"\" width=\"58\" height=\"38\" srcset=\"https:\/\/edicionesmasqueoca.com\/juegos\/wp-content\/uploads\/2023\/12\/Flag_of_Spain_Civil.svg_-300x200.png 300w, https:\/\/edicionesmasqueoca.com\/juegos\/wp-content\/uploads\/2023\/12\/Flag_of_Spain_Civil.svg_-1024x683.png 1024w, https:\/\/edicionesmasqueoca.com\/juegos\/wp-content\/uploads\/2023\/12\/Flag_of_Spain_Civil.svg_-768x512.png 768w, https:\/\/edicionesmasqueoca.com\/juegos\/wp-content\/uploads\/2023\/12\/Flag_of_Spain_Civil.svg_-1536x1024.png 1536w, https:\/\/edicionesmasqueoca.com\/juegos\/wp-content\/uploads\/2023\/12\/Flag_of_Spain_Civil.svg_-2048x1366.png 2048w\" sizes=\"(max-width: 58px) 100vw, 58px\" \/>Para informaci\u00f3n sobre El Otro Lado de la Colina en Espa\u00f1ol haz <strong><span style=\"text-decoration: underline;\"><a href=\"https:\/\/edicionesmasqueoca.com\/diarios\/category\/elotroladodelacolina\/\">click aqu\u00ed<\/a><\/span>.<\/strong><\/p>\t\t\t\t\t\t<\/div>\n\t\t\t\t<\/div>\n\t\t\t\t\t<\/div>\n\t\t\t\t<\/div>\n\t\t\t\t<div class=\"elementor-element elementor-element-c7432cc elementor-invisible elementor-widget elementor-widget-heading\" data-id=\"c7432cc\" data-element_type=\"widget\" data-settings=\"{&quot;_animation&quot;:&quot;slideInUp&quot;}\" data-widget_type=\"heading.default\">\n\t\t\t\t<div class=\"elementor-widget-container\">\n\t\t\t<style>\/*! elementor - v3.18.0 - 20-12-2023 *\/\n.elementor-heading-title{padding:0;margin:0;line-height:1}.elementor-widget-heading .elementor-heading-title[class*=elementor-size-]>a{color:inherit;font-size:inherit;line-height:inherit}.elementor-widget-heading .elementor-heading-title.elementor-size-small{font-size:15px}.elementor-widget-heading .elementor-heading-title.elementor-size-medium{font-size:19px}.elementor-widget-heading .elementor-heading-title.elementor-size-large{font-size:29px}.elementor-widget-heading .elementor-heading-title.elementor-size-xl{font-size:39px}.elementor-widget-heading .elementor-heading-title.elementor-size-xxl{font-size:59px}<\/style><h2 class=\"elementor-heading-title elementor-size-default\">Recreate the course of the war year after year<\/h2>\t\t<\/div>\n\t\t\t\t<\/div>\n\t\t\t\t<div class=\"elementor-element elementor-element-f01039a elementor-invisible elementor-widget elementor-widget-heading\" data-id=\"f01039a\" data-element_type=\"widget\" data-settings=\"{&quot;_animation&quot;:&quot;slideInUp&quot;}\" data-widget_type=\"heading.default\">\n\t\t\t\t<div class=\"elementor-widget-container\">\n\t\t\t<h2 class=\"elementor-heading-title elementor-size-default\">Your decisions will determine victory or defeat<\/h2>\t\t<\/div>\n\t\t\t\t<\/div>\n\t\t\t\t<div class=\"elementor-element elementor-element-5610a00 elementor-invisible elementor-widget elementor-widget-text-editor\" data-id=\"5610a00\" data-element_type=\"widget\" data-settings=\"{&quot;_animation&quot;:&quot;slideInUp&quot;}\" data-widget_type=\"text-editor.default\">\n\t\t\t\t<div class=\"elementor-widget-container\">\n\t\t\t\t\t\t\t<p>The Other Side of the Hill is a boardgame that simulates the effects that the struggle for power within the German High Command had on the development of the Second World War. Up to four players represent military leaders cooperating and competing as they manage Germany&#8217;s wartime strategy. To win, they must vie for Prestige by advancing the careers of their chosen Army and Army Group commanders, grabbing their share of victories while the early-war pickings are easy, then avoiding responsibility for battlefield disasters as the Soviets and the Western Allies solidify and push back.<\/p>\t\t\t\t\t\t<\/div>\n\t\t\t\t<\/div>\n\t\t\t\t<\/div>\n\t\t<div class=\"elementor-element elementor-element-b41d110 e-con-full e-flex e-con e-child\" data-id=\"b41d110\" data-element_type=\"container\" data-settings=\"{&quot;content_width&quot;:&quot;full&quot;}\">\n\t\t\t\t<div class=\"elementor-element elementor-element-5ff3f72 elementor-widget elementor-widget-spacer\" data-id=\"5ff3f72\" data-element_type=\"widget\" data-widget_type=\"spacer.default\">\n\t\t\t\t<div class=\"elementor-widget-container\">\n\t\t\t\t\t<div class=\"elementor-spacer\">\n\t\t\t<div class=\"elementor-spacer-inner\"><\/div>\n\t\t<\/div>\n\t\t\t\t<\/div>\n\t\t\t\t<\/div>\n\t\t\t\t<div class=\"elementor-element elementor-element-e05b3f2 elementor-widget elementor-widget-image\" data-id=\"e05b3f2\" data-element_type=\"widget\" data-widget_type=\"image.default\">\n\t\t\t\t<div class=\"elementor-widget-container\">\n\t\t\t\t\t\t\t\t\t\t\t\t\t\t\t<img decoding=\"async\" src=\"https:\/\/edicionesmasqueoca.com\/juegos\/wp-content\/uploads\/elementor\/thumbs\/Caja-EOLC-EN-qa9l9bhkm3p0x0wj0ya0b3if447sffhtpy4zopk650.png\" title=\"Caja-EOLC-EN\" alt=\"Caja-EOLC-EN\" loading=\"lazy\" \/>\t\t\t\t\t\t\t\t\t\t\t\t\t\t\t<\/div>\n\t\t\t\t<\/div>\n\t\t\t\t<\/div>\n\t\t<div class=\"elementor-element elementor-element-0fd1081 e-con-full e-flex e-con e-child\" data-id=\"0fd1081\" data-element_type=\"container\" data-settings=\"{&quot;content_width&quot;:&quot;full&quot;}\">\n\t\t\t\t<div class=\"elementor-element elementor-element-666d02e elementor-widget elementor-widget-video\" data-id=\"666d02e\" data-element_type=\"widget\" data-settings=\"{&quot;youtube_url&quot;:&quot;https:\\\/\\\/www.youtube.com\\\/watch?v=km9vicL7h0s&quot;,&quot;video_type&quot;:&quot;youtube&quot;}\" data-widget_type=\"video.default\">\n\t\t\t\t<div class=\"elementor-widget-container\">\n\t\t\t<style>\/*! elementor - v3.18.0 - 20-12-2023 *\/\n.elementor-widget-video .elementor-widget-container{overflow:hidden;transform:translateZ(0)}.elementor-widget-video .elementor-wrapper{aspect-ratio:var(--video-aspect-ratio)}.elementor-widget-video .elementor-wrapper iframe,.elementor-widget-video .elementor-wrapper video{height:100%;width:100%;display:flex;border:none;background-color:#000}@supports not (aspect-ratio:1\/1){.elementor-widget-video .elementor-wrapper{position:relative;overflow:hidden;height:0;padding-bottom:calc(100% \/ var(--video-aspect-ratio))}.elementor-widget-video .elementor-wrapper iframe,.elementor-widget-video .elementor-wrapper video{position:absolute;top:0;right:0;bottom:0;left:0}}.elementor-widget-video .elementor-open-inline .elementor-custom-embed-image-overlay{position:absolute;top:0;right:0;bottom:0;left:0;background-size:cover;background-position:50%}.elementor-widget-video .elementor-custom-embed-image-overlay{cursor:pointer;text-align:center}.elementor-widget-video .elementor-custom-embed-image-overlay:hover .elementor-custom-embed-play i{opacity:1}.elementor-widget-video .elementor-custom-embed-image-overlay img{display:block;width:100%;aspect-ratio:var(--video-aspect-ratio);-o-object-fit:cover;object-fit:cover;-o-object-position:center center;object-position:center center}@supports not (aspect-ratio:1\/1){.elementor-widget-video .elementor-custom-embed-image-overlay{position:relative;overflow:hidden;height:0;padding-bottom:calc(100% \/ var(--video-aspect-ratio))}.elementor-widget-video .elementor-custom-embed-image-overlay img{position:absolute;top:0;right:0;bottom:0;left:0}}.elementor-widget-video .e-hosted-video .elementor-video{-o-object-fit:cover;object-fit:cover}.e-con-inner>.elementor-widget-video,.e-con>.elementor-widget-video{width:var(--container-widget-width);--flex-grow:var(--container-widget-flex-grow)}<\/style>\t\t<div class=\"elementor-wrapper elementor-open-inline\">\n\t\t\t<div class=\"elementor-video\"><\/div>\t\t<\/div>\n\t\t\t\t<\/div>\n\t\t\t\t<\/div>\n\t\t\t\t<div class=\"elementor-element elementor-element-b5ad97e elementor-widget elementor-widget-spacer\" data-id=\"b5ad97e\" data-element_type=\"widget\" data-widget_type=\"spacer.default\">\n\t\t\t\t<div class=\"elementor-widget-container\">\n\t\t\t\t\t<div class=\"elementor-spacer\">\n\t\t\t<div class=\"elementor-spacer-inner\"><\/div>\n\t\t<\/div>\n\t\t\t\t<\/div>\n\t\t\t\t<\/div>\n\t\t\t\t<div class=\"elementor-element elementor-element-5f09e76 elementor-widget elementor-widget-text-editor\" data-id=\"5f09e76\" data-element_type=\"widget\" data-widget_type=\"text-editor.default\">\n\t\t\t\t<div class=\"elementor-widget-container\">\n\t\t\t\t\t\t\t<p><b>If you missed the Kickstarter campaign, you can still get a copy of The Other Side of the Hill and all the unlocked extras during the Late Pledge period (scheduled from <span style=\"color: #ff0000;\">January 25th &#8211; February 21th, 2024<\/span>) &#8211; sign up here with no obligation and we&#8217;ll let you know<\/b> <b>by email when it&#8217;s available!<\/b><\/p><p><span style=\"color: #999999;\"><b>Si te perdiste la campa\u00f1a de Kickstarter, a\u00fan podr\u00e1s conseguir una copia de El Otro Lado de la Colina y todos los extras desbloqueados durante el periodo de Late Pledge (previsto del<span style=\"color: #ff0000;\"> 25 de Enero al 21 de Febrero de 2024<\/span>). \u00a1Ap\u00fantate aqu\u00ed sin compromiso y te avisaremos por email cuando est\u00e9 disponible!<\/b><\/span><\/p>\t\t\t\t\t\t<\/div>\n\t\t\t\t<\/div>\n\t\t\t\t<\/div>\n\t\t<div class=\"elementor-element elementor-element-b60ed2a e-flex e-con-boxed e-con e-child\" data-id=\"b60ed2a\" data-element_type=\"container\" data-settings=\"{&quot;background_background&quot;:&quot;gradient&quot;,&quot;content_width&quot;:&quot;boxed&quot;}\">\n\t\t\t\t\t<div class=\"e-con-inner\">\n\t\t<div class=\"elementor-element elementor-element-4264034 e-flex e-con-boxed e-con e-child\" data-id=\"4264034\" data-element_type=\"container\" data-settings=\"{&quot;background_background&quot;:&quot;gradient&quot;,&quot;content_width&quot;:&quot;boxed&quot;}\">\n\t\t\t\t\t<div class=\"e-con-inner\">\n\t\t\t\t<div class=\"elementor-element elementor-element-7e392ba elementor-widget__width-auto elementor-widget elementor-widget-shortcode\" data-id=\"7e392ba\" data-element_type=\"widget\" data-widget_type=\"shortcode.default\">\n\t\t\t\t<div class=\"elementor-widget-container\">\n\t\t\t\t\t<div class=\"elementor-shortcode\">\n<div class=\"wpcf7 no-js\" id=\"wpcf7-f652-o1\" lang=\"es-ES\" dir=\"ltr\">\n<div class=\"screen-reader-response\"><p role=\"status\" aria-live=\"polite\" aria-atomic=\"true\"><\/p> <ul><\/ul><\/div>\n<form action=\"\/juegos\/wp-json\/wp\/v2\/pages\/612#wpcf7-f652-o1\" method=\"post\" class=\"wpcf7-form init\" aria-label=\"Formulario de contacto\" novalidate=\"novalidate\" data-status=\"init\">\n<div style=\"display: none;\">\n<input type=\"hidden\" name=\"_wpcf7\" value=\"652\" \/>\n<input type=\"hidden\" name=\"_wpcf7_version\" value=\"5.8.6\" \/>\n<input type=\"hidden\" name=\"_wpcf7_locale\" value=\"es_ES\" \/>\n<input type=\"hidden\" name=\"_wpcf7_unit_tag\" value=\"wpcf7-f652-o1\" \/>\n<input type=\"hidden\" name=\"_wpcf7_container_post\" value=\"0\" \/>\n<input type=\"hidden\" name=\"_wpcf7_posted_data_hash\" value=\"\" \/>\n<\/div>\n<p><label> First Name \/ Nombre<br \/>\n<span class=\"wpcf7-form-control-wrap\" data-name=\"your-name\"><input size=\"40\" class=\"wpcf7-form-control wpcf7-text wpcf7-validates-as-required\" autocomplete=\"name\" aria-required=\"true\" aria-invalid=\"false\" value=\"\" type=\"text\" name=\"your-name\" \/><\/span> <\/label>\n<\/p>\n<p><label> Last Name \/ Apellidos<br \/>\n<span class=\"wpcf7-form-control-wrap\" data-name=\"your-surname\"><input size=\"40\" class=\"wpcf7-form-control wpcf7-text wpcf7-validates-as-required\" autocomplete=\"surname\" aria-required=\"true\" aria-invalid=\"false\" value=\"\" type=\"text\" name=\"your-surname\" \/><\/span> <\/label>\n<\/p>\n<p><label> Email<br \/>\n<span class=\"wpcf7-form-control-wrap\" data-name=\"your-email\"><input size=\"40\" class=\"wpcf7-form-control wpcf7-email wpcf7-validates-as-required wpcf7-text wpcf7-validates-as-email\" autocomplete=\"email\" aria-required=\"true\" aria-invalid=\"false\" value=\"\" type=\"email\" name=\"your-email\" \/><\/span> <\/label>\n<\/p>\n<p><label> Country \/ Pa\u00eds<br \/>\n<span class=\"wpcf7-form-control-wrap\" data-name=\"your-country\"><input size=\"40\" class=\"wpcf7-form-control wpcf7-text wpcf7-validates-as-required\" autocomplete=\"country\" aria-required=\"true\" aria-invalid=\"false\" value=\"\" type=\"text\" name=\"your-country\" \/><\/span> <\/label>\n<\/p>\n<p><span class=\"wpcf7-form-control-wrap\" data-name=\"acceptance-sp\"><span class=\"wpcf7-form-control wpcf7-acceptance\"><span class=\"wpcf7-list-item\"><label><input type=\"checkbox\" name=\"acceptance-sp\" value=\"1\" aria-invalid=\"false\" \/><span class=\"wpcf7-list-item-label\">I agree to receive notifications from MasQueOca Group \/ Acepto recibir comunicaciones de Grupo MasQueOca<\/span><\/label><\/span><\/span><\/span>\n<\/p>\n<p><input class=\"wpcf7-form-control wpcf7-submit has-spinner\" type=\"submit\" value=\"Send\" \/>\n<\/p><div class=\"wpcf7-response-output\" aria-hidden=\"true\"><\/div>\n<\/form>\n<\/div>\n<\/div>\n\t\t\t\t<\/div>\n\t\t\t\t<\/div>\n\t\t\t\t\t<\/div>\n\t\t\t\t<\/div>\n\t\t\t\t\t<\/div>\n\t\t\t\t<\/div>\n\t\t\t\t\t<\/div>\n\t\t\t\t<\/div>\n\t\t<div class=\"elementor-element elementor-element-15ec12a e-flex e-con-boxed e-con e-parent\" data-id=\"15ec12a\" data-element_type=\"container\" data-settings=\"{&quot;content_width&quot;:&quot;boxed&quot;}\" data-core-v316-plus=\"true\">\n\t\t\t\t\t<div class=\"e-con-inner\">\n\t\t\t\t<div class=\"elementor-element elementor-element-18f265c elementor-widget elementor-widget-text-editor\" data-id=\"18f265c\" data-element_type=\"widget\" data-widget_type=\"text-editor.default\">\n\t\t\t\t<div class=\"elementor-widget-container\">\n\t\t\t\t\t\t\t<p>The Other Side of the Hill \u2013 THE GAME is an historical simulation game with no other purpose than to entertain the players.<\/p>\t\t\t\t\t\t<\/div>\n\t\t\t\t<\/div>\n\t\t\t\t\t<\/div>\n\t\t\t\t<\/div>\n\t\t\t\t\t\t\t<\/div>\n\t\t","protected":false},"excerpt":{"rendered":"<p>The Late Pledge is now live! Para informaci\u00f3n sobre El Otro Lado de la Colina en Espa\u00f1ol haz click aqu\u00ed. Recreate the course of the war year after year Your decisions will determine victory or defeat The Other Side of the Hill is a boardgame that simulates the effects that the struggle for power within [&hellip;]<\/p>\n","protected":false},"author":1,"featured_media":0,"parent":0,"menu_order":0,"comment_status":"closed","ping_status":"closed","template":"elementor_header_footer","meta":{"footnotes":""},"class_list":["post-612","page","type-page","status-publish","hentry","entry"],"_links":{"self":[{"href":"https:\/\/edicionesmasqueoca.com\/juegos\/wp-json\/wp\/v2\/pages\/612","targetHints":{"allow":["GET"]}}],"collection":[{"href":"https:\/\/edicionesmasqueoca.com\/juegos\/wp-json\/wp\/v2\/pages"}],"about":[{"href":"https:\/\/edicionesmasqueoca.com\/juegos\/wp-json\/wp\/v2\/types\/page"}],"author":[{"embeddable":true,"href":"https:\/\/edicionesmasqueoca.com\/juegos\/wp-json\/wp\/v2\/users\/1"}],"replies":[{"embeddable":true,"href":"https:\/\/edicionesmasqueoca.com\/juegos\/wp-json\/wp\/v2\/comments?post=612"}],"version-history":[{"count":103,"href":"https:\/\/edicionesmasqueoca.com\/juegos\/wp-json\/wp\/v2\/pages\/612\/revisions"}],"predecessor-version":[{"id":791,"href":"https:\/\/edicionesmasqueoca.com\/juegos\/wp-json\/wp\/v2\/pages\/612\/revisions\/791"}],"wp:attachment":[{"href":"https:\/\/edicionesmasqueoca.com\/juegos\/wp-json\/wp\/v2\/media?parent=612"}],"curies":[{"name":"wp","href":"https:\/\/api.w.org\/{rel}","templated":true}]}}